{"id":32,"date":"2014-04-17T12:28:38","date_gmt":"2014-04-17T10:28:38","guid":{"rendered":"http:\/\/uksopty.pl\/?page_id=32"},"modified":"2021-09-13T09:53:25","modified_gmt":"2021-09-13T07:53:25","slug":"treningi","status":"publish","type":"page","link":"http:\/\/uksopty.pl\/?page_id=32","title":{"rendered":"Treningi"},"content":{"rendered":"\n<p><strong>Trenery Judo<\/strong><\/p>\n\n\n\n<ul class=\"wp-block-list\"><li>Bogdan Gruba, tel. 504 159 015<\/li><li>Wies\u0142aw Wiwatowski, tel. 694256718<\/li><li>Tomasz Doma\u0144ski, tel.600934816<\/li><\/ul>\n\n\n\n<p><\/p>\n\n\n<h3><strong>ZAJ\u0118CIA w SP nr 34 GDYNIA-P\u0141YTA RED\u0141OWSKA (ul. Cylkowskiego 5)<br \/><\/strong><\/h3>\n<h5>Trener judo: Bogdan Gruba, tel. 504 159 015<\/h5>\n<h4>Grupa naborowa<\/h4>\n<ul>\n<li>Wtorek\u00a0 16.00-17.00<\/li>\n<li>Czwartek\u00a0 16.00-17.00<\/li>\n<\/ul>\n<h4 style=\"text-align: left;\">Grupa \u015bredniozaawansowana<\/h4>\n<ul>\n<li>Wtorek 17.00-18.00<\/li>\n<li>Czwartek 17.00-18.00<\/li>\n<\/ul>\n<h3><strong>ZAJ\u0118CIA w SP nr 8 GDYNIA-OR\u0141OWO (ul. Or\u0142owska 27\/33)<br \/><\/strong><\/h3>\n<h5>Trener judo: Bogdan Gruba: tel. 504 159 015<\/h5>\n<h4>Judo dla przedszkolaka<\/h4>\n<ul>\n<li>Wtorek 17.00-18.00<\/li>\n<li>Czwartek 17.00-18.00<\/li>\n<\/ul>\n<h4>Grupa naborowa<\/h4>\n<ul>\n<li>Poniedzia\u0142ek 16.00-17.00<\/li>\n<li>\u015aroda 16.00-17.00<\/li>\n<\/ul>\n<h4 style=\"text-align: left;\">Grupa \u015bredniozaawansowana<\/h4>\n<ul>\n<li>Poniedzia\u0142ek 17.00-18.00<\/li>\n<li>\u015aroda 17.00-18.00<\/li>\n<\/ul>\n<h4>Grupa zaawansowana<\/h4>\n<ul>\n<li>Poniedzia\u0142ek 18.00-19.30<\/li>\n<li>Wtorek 18.00-19.30<\/li>\n<li>\u015aroda 18.00-19.30<\/li>\n<li>Czwartek 18.00-19.30<\/li>\n<\/ul>\n<h3>\u00a0<\/h3>\n<h3><strong>ZAJ\u0118CIA w SP nr 13 GDYNIA-MA\u0141Y KACK (ul. Halicka 8)<br \/><\/strong><\/h3>\n<h5>Trener\u00a0 judo Wies\u0142aw Wiwatowski: tel. 694 256 718<\/h5>\n<h4>Grupa naborowa<\/h4>\n<ul>\n<li>Wtorek 16.00-17.00<\/li>\n<li>Czwartek 16.00-17.00<\/li>\n<\/ul>\n<h3><strong>ZAJ\u0118CIA w SP nr 48 (ul. Jowisza 60)<br \/><\/strong><\/h3>\n<h5>Trener\u00a0 judo\u00a0 Wies\u0142aw Wiwatowski: tel. 694 256 718<\/h5>\n<h4>Grupa naborowa<\/h4>\n<ul>\n<li>Poniedzia\u0142ek\u00a0 17.30-18.30<\/li>\n<li>Pi\u0105tek 17.30-18.30<\/li>\n<\/ul>","protected":false},"excerpt":{"rendered":"<p>Trenery Judo Bogdan Gruba, tel. 504 159 015 Wies\u0142aw Wiwatowski, tel. 694256718 Tomasz Doma\u0144ski, tel.600934816 ZAJ\u0118CIA w SP nr 34 GDYNIA-P\u0141YTA RED\u0141OWSKA (ul. Cylkowskiego 5) Trener judo: Bogdan Gruba, tel. 504 159 015 Grupa naborowa Wtorek\u00a0 16.00-17.00 Czwartek\u00a0 16.00-17.00 Grupa \u015bredniozaawansowana Wtorek 17.00-18.00 Czwartek 17.00-18.00 ZAJ\u0118CIA w SP nr 8 GDYNIA-OR\u0141OWO (ul. Or\u0142owska 27\/33) Trener [&hellip;]<\/p>\n","protected":false},"author":2,"featured_media":0,"parent":0,"menu_order":0,"comment_status":"closed","ping_status":"open","template":"","meta":{"footnotes":""},"class_list":["post-32","page","type-page","status-publish","hentry"],"_links":{"self":[{"href":"http:\/\/uksopty.pl\/index.php?rest_route=\/wp\/v2\/pages\/32","targetHints":{"allow":["GET"]}}],"collection":[{"href":"http:\/\/uksopty.pl\/index.php?rest_route=\/wp\/v2\/pages"}],"about":[{"href":"http:\/\/uksopty.pl\/index.php?rest_route=\/wp\/v2\/types\/page"}],"author":[{"embeddable":true,"href":"http:\/\/uksopty.pl\/index.php?rest_route=\/wp\/v2\/users\/2"}],"replies":[{"embeddable":true,"href":"http:\/\/uksopty.pl\/index.php?rest_route=%2Fwp%2Fv2%2Fcomments&post=32"}],"version-history":[{"count":29,"href":"http:\/\/uksopty.pl\/index.php?rest_route=\/wp\/v2\/pages\/32\/revisions"}],"predecessor-version":[{"id":963,"href":"http:\/\/uksopty.pl\/index.php?rest_route=\/wp\/v2\/pages\/32\/revisions\/963"}],"wp:attachment":[{"href":"http:\/\/uksopty.pl\/index.php?rest_route=%2Fwp%2Fv2%2Fmedia&parent=32"}],"curies":[{"name":"wp","href":"https:\/\/api.w.org\/{rel}","templated":true}]}}