{"id":28,"date":"2014-04-17T12:26:44","date_gmt":"2014-04-17T10:26:44","guid":{"rendered":"http:\/\/uksopty.pl\/?page_id=28"},"modified":"2026-01-03T15:54:59","modified_gmt":"2026-01-03T14:54:59","slug":"wladze-klubu","status":"publish","type":"page","link":"http:\/\/uksopty.pl\/?page_id=28","title":{"rendered":"W\u0142adze Klubu"},"content":{"rendered":"\n<p><strong>Zarz\u0105du Klubu<\/strong><\/p>\n\n\n\n<p>Mariusz \u017belechowski &#8211; Prezes Zarz\u0105du  <\/p>\n\n\n\n<p>Bogdan Gruba &#8211; Sekretarz Zarz\u0105du<\/p>\n\n\n\n<p>Katarzyna Kruszy\u0144ska Muller &#8211; Skarbnik Zarz\u0105du<\/p>\n\n\n\n<p>Kalina Barecka &#8211; Kronikarz Zarz\u0105du<\/p>\n\n\n\n<p>Natalia Tsoi &#8211; Cz\u0142onek Zarz\u0105du<\/p>\n\n\n\n<p>Barbara Kilarska &#8211; Cz\u0142onek Zarz\u0105du<\/p>\n\n\n\n<p>Krzysztof D\u0105bek &#8211; Cz\u0142onek Zarz\u0105du<\/p>\n\n\n\n<p>Julia Michalska &#8211; Cz\u0142onek Zarz\u0105du<\/p>\n\n\n\n<p><strong>Komisja Rewizyjna<\/strong><\/p>\n\n\n\n<p>Wies\u0142aw Citko &#8211; Przewodnicz\u0105cy Komisji Rewizyjnej<\/p>\n\n\n\n<p>Wies\u0142aw Wiwatowski &#8211; Sekretarz Komisji Rewizyjnej<\/p>\n\n\n\n<p>Maria Anderwald &#8211; Cz\u0142onek Komisji Rewizyjnej<\/p>\n\n\n<\/p>","protected":false},"excerpt":{"rendered":"<p>Zarz\u0105du Klubu Mariusz \u017belechowski &#8211; Prezes Zarz\u0105du Bogdan Gruba &#8211; Sekretarz Zarz\u0105du Katarzyna Kruszy\u0144ska Muller &#8211; Skarbnik Zarz\u0105du Kalina Barecka &#8211; Kronikarz Zarz\u0105du Natalia Tsoi &#8211; Cz\u0142onek Zarz\u0105du Barbara Kilarska &#8211; Cz\u0142onek Zarz\u0105du Krzysztof D\u0105bek &#8211; Cz\u0142onek Zarz\u0105du Julia Michalska &#8211; Cz\u0142onek Zarz\u0105du Komisja Rewizyjna Wies\u0142aw Citko &#8211; Przewodnicz\u0105cy Komisji Rewizyjnej Wies\u0142aw Wiwatowski &#8211; Sekretarz [&hellip;]<\/p>\n","protected":false},"author":2,"featured_media":0,"parent":0,"menu_order":0,"comment_status":"closed","ping_status":"open","template":"","meta":{"footnotes":""},"class_list":["post-28","page","type-page","status-publish","hentry"],"_links":{"self":[{"href":"http:\/\/uksopty.pl\/index.php?rest_route=\/wp\/v2\/pages\/28","targetHints":{"allow":["GET"]}}],"collection":[{"href":"http:\/\/uksopty.pl\/index.php?rest_route=\/wp\/v2\/pages"}],"about":[{"href":"http:\/\/uksopty.pl\/index.php?rest_route=\/wp\/v2\/types\/page"}],"author":[{"embeddable":true,"href":"http:\/\/uksopty.pl\/index.php?rest_route=\/wp\/v2\/users\/2"}],"replies":[{"embeddable":true,"href":"http:\/\/uksopty.pl\/index.php?rest_route=%2Fwp%2Fv2%2Fcomments&post=28"}],"version-history":[{"count":15,"href":"http:\/\/uksopty.pl\/index.php?rest_route=\/wp\/v2\/pages\/28\/revisions"}],"predecessor-version":[{"id":1179,"href":"http:\/\/uksopty.pl\/index.php?rest_route=\/wp\/v2\/pages\/28\/revisions\/1179"}],"wp:attachment":[{"href":"http:\/\/uksopty.pl\/index.php?rest_route=%2Fwp%2Fv2%2Fmedia&parent=28"}],"curies":[{"name":"wp","href":"https:\/\/api.w.org\/{rel}","templated":true}]}}