{"id":24,"date":"2014-04-17T12:20:55","date_gmt":"2014-04-17T10:20:55","guid":{"rendered":"http:\/\/uksopty.pl\/?page_id=24"},"modified":"2014-04-17T12:20:55","modified_gmt":"2014-04-17T10:20:55","slug":"historia-klubu","status":"publish","type":"page","link":"http:\/\/uksopty.pl\/?page_id=24","title":{"rendered":"Historia klubu"},"content":{"rendered":"<p><b>Historia i tera\u017aniejszo\u015b\u0107 naszego Klubu<\/b><\/p>\n<p><strong>Uczniowski Klub Sportowy Opty<\/strong> (UKS Opty) powsta\u0142 w styczniu 2001 roku przy Szkole Podstawowej nr 34 im. Leonida Teligi, dzi\u0119ki\u00a0 zaanga\u017cowaniu dyrekcji szko\u0142y, nauczycieli WF oraz rodzic\u00f3w.<\/p>\n<p>Pierwsze treningi w klubie prowadzili trenerzy Bogdan Gruba oraz S\u0142awomir \u015aliwiak. W latach 2002-2004 zaj\u0119cia judo prowadzi\u0142a tak\u017ce trenerka Bo\u017cena Hinca a w latach 2004-2007 trener Jaros\u0142aw Niewiadomski. Obecnie treningi w klubie prowadz\u0105 trener Bogdan Gruba oraz trener Wies\u0142aw Wiwatowski.<\/p>\n<p>Od samego pocz\u0105tku swojej dzia\u0142alno\u015bci klub \u015bci\u015ble wsp\u00f3\u0142pracuje z Urz\u0119dem Miasta Gdyni a konkretnie z Gdy\u0144skim O\u015brodkiem Sportu i Rekreacji (GOSiR). Od wielu lat Klub z powodzeniem bierze udzia\u0142 w konkursach na sportowe szkolenie dzieci i m\u0142odzie\u017cy z miasta Gdyni organizowanych przez GOSiR. Uzyskane w wyniku tych konkurs\u00f3w \u015brodki finansowe wydatnie wspieraj\u0105 dzia\u0142alno\u015b\u0107 UKS Opty.<\/p>\n<p>Opr\u00f3cz szkolenia m\u0142odzie\u017cy klub organizuje tak\u017ce turniej judo. W roku 2001 Zarz\u0105d Klubu zorganizowa\u0142 pierwszy turniej judo, kt\u00f3rego go\u015bciem honorowym by\u0142 wielokrotny medalista Mistrzostw Polski, Europy i \u015awiata \u2013 Rafa\u0142 Kubacki.Turniej ten zapocz\u0105tkowa\u0142 serie turniej\u00f3w Judo pod wsp\u00f3lna nazw\u0105 Mi\u0119dzynarodowy Nadba\u0142tycki Turniej Judo. Co roku na turnieju startuj\u0105 zawodnicy z Rosji, Litwy, \u0141otwy oraz reprezentanci Polski w grupie juniora i juniora m\u0142odszego. W ostatnich 4 latach na turniej przyje\u017cd\u017caj\u0105 tak\u017ce zawodnicy z Niemiec, Szwajcarii, Hiszpanii i Wielkiej Brytanii. Liczba uczestnik\u00f3w ka\u017cdego turnieju przekracza 500 os\u00f3b.<\/p>\n<p>Zawodnicy naszego Klubu z powodzeniem startuj\u0105 w Mistrzostwach Polski, Pucharach Polski oraz w r\u00f3\u017cnych zawodach mi\u0119dzynarodowych.<\/p>\n","protected":false},"excerpt":{"rendered":"<p>Historia i tera\u017aniejszo\u015b\u0107 naszego Klubu Uczniowski Klub Sportowy Opty (UKS Opty) powsta\u0142 w styczniu 2001 roku przy Szkole Podstawowej nr 34 im. Leonida Teligi, dzi\u0119ki\u00a0 zaanga\u017cowaniu dyrekcji szko\u0142y, nauczycieli WF oraz rodzic\u00f3w. Pierwsze treningi w klubie prowadzili trenerzy Bogdan Gruba oraz S\u0142awomir \u015aliwiak. W latach 2002-2004 zaj\u0119cia judo prowadzi\u0142a tak\u017ce trenerka Bo\u017cena Hinca a w [&hellip;]<\/p>\n","protected":false},"author":2,"featured_media":0,"parent":0,"menu_order":0,"comment_status":"closed","ping_status":"open","template":"","meta":{"footnotes":""},"class_list":["post-24","page","type-page","status-publish","hentry"],"_links":{"self":[{"href":"http:\/\/uksopty.pl\/index.php?rest_route=\/wp\/v2\/pages\/24","targetHints":{"allow":["GET"]}}],"collection":[{"href":"http:\/\/uksopty.pl\/index.php?rest_route=\/wp\/v2\/pages"}],"about":[{"href":"http:\/\/uksopty.pl\/index.php?rest_route=\/wp\/v2\/types\/page"}],"author":[{"embeddable":true,"href":"http:\/\/uksopty.pl\/index.php?rest_route=\/wp\/v2\/users\/2"}],"replies":[{"embeddable":true,"href":"http:\/\/uksopty.pl\/index.php?rest_route=%2Fwp%2Fv2%2Fcomments&post=24"}],"version-history":[{"count":1,"href":"http:\/\/uksopty.pl\/index.php?rest_route=\/wp\/v2\/pages\/24\/revisions"}],"predecessor-version":[{"id":25,"href":"http:\/\/uksopty.pl\/index.php?rest_route=\/wp\/v2\/pages\/24\/revisions\/25"}],"wp:attachment":[{"href":"http:\/\/uksopty.pl\/index.php?rest_route=%2Fwp%2Fv2%2Fmedia&parent=24"}],"curies":[{"name":"wp","href":"https:\/\/api.w.org\/{rel}","templated":true}]}}